{"id":15762,"date":"2023-05-29T18:03:45","date_gmt":"2023-05-29T18:03:45","guid":{"rendered":"https:\/\/lavadocochesjuamar.com\/contacto\/"},"modified":"2024-06-26T11:20:51","modified_gmt":"2024-06-26T11:20:51","slug":"contacto","status":"publish","type":"page","link":"https:\/\/lavadocochesjuamar.com\/gl\/contacto\/","title":{"rendered":"Contacto"},"content":{"rendered":"\t\t<div data-elementor-type=\"wp-page\" data-elementor-id=\"15762\" class=\"elementor elementor-15762 elementor-415\">\n\t\t\t\t\t\t<section class=\"elementor-section elementor-top-section elementor-element elementor-element-b0c3689 elementor-section-boxed elementor-section-height-default elementor-section-height-default\" data-id=\"b0c3689\" data-element_type=\"section\">\n\t\t\t\t\t\t<div class=\"elementor-container elementor-column-gap-default\">\n\t\t\t\t\t<div class=\"elementor-column elementor-col-100 elementor-top-column elementor-element elementor-element-c56173a\" data-id=\"c56173a\" data-element_type=\"column\">\n\t\t\t<div class=\"elementor-widget-wrap\">\n\t\t\t\t\t\t\t<\/div>\n\t\t<\/div>\n\t\t\t\t\t<\/div>\n\t\t<\/section>\n\t\t<div class=\"elementor-element elementor-element-3b3fb45 e-flex e-con-boxed e-con e-parent\" data-id=\"3b3fb45\" data-element_type=\"container\">\n\t\t\t\t\t<div class=\"e-con-inner\">\n\t\t<div class=\"elementor-element elementor-element-4c5e477 e-con-full e-flex e-con e-child\" data-id=\"4c5e477\" data-element_type=\"container\">\n\t\t\t\t<div class=\"elementor-element elementor-element-350569e carfresh-star-rating--align-center elementor-widget elementor-widget-witr_section_title\" data-id=\"350569e\" data-element_type=\"widget\" data-widget_type=\"witr_section_title.default\">\n\t\t\t\t<div class=\"elementor-widget-container\">\n\t\t\t\t\t\t\t\t\t\t<!-- title left -->\n\t\t\t\t\t<div class=\"witr_section_title\">\n\t\t\t\t\t\t<div class=\"witr_section_title_inner text-left\">\n\t\t\t\t\t\t\n\t\t\t\t\t\t\t<!-- icon position -->\n\t\t\t\t\t\t\t\t\n\t\t\t\t\t\t\t<!-- end icon position -->\n\t\t\t\t\t\t\n\t\t\t\t\t\t\n\t\t\t\t\t\t\t<!-- title top -->\n\t\t\t\t\t\t\t\t\t\t\t\t\t\t\t<h2>Ponte en contacto<\/h2>\t\t\n\t\t\t\t\t\t\t\n\t\t\t\t\t\t\t<!-- icon position -->\n\t\t\t\t\t\t\t\t\n\t\t\t\t\t\t\t<!-- end icon position -->\n\n\t\t\t\t\t\t\t\n\t\t\t\t\t\t\t<!-- title middle -->\n\t\t\t\t\t\t\t\t\t\t\t\t\t\t\t<h3>Estamos aqu\u00ed para escoitarte<\/h3>\t\t\n\t\t\t\t\t\t\t\t\t\t\t\t\t\t<!-- title bottom -->\n\t\t\t\t\t\t\t\t\t\t\t\t\t\t\n\t\t\t\t\t\t\t<!-- icon position -->\n\t\t\t\t\t\t\t\t\t\t\t\t\t\t\n\t\t\t\t\t\t\t<!-- image -->\n\t\t\t\t\t\t\t\t\t\t\t\t\t\t<!-- icon -->\n\t\t\t\t\t\t\t\t\t\t\t\t\t\t\n\t\t\t\t\t\t\t<!-- bar -->\n\t\t\t\t\t\t\t\t\t\t\t\t\t\t<!-- circle bar -->\n\t\t\t\t\t\t\t\t\t\t\t\t\t\t\n\t\t\t\t\t\t\t\t\n\t\t\t\t\t\t\t<!-- end icon position -->\n\n\t\t\t\t\t\t\t<!-- content -->\n\t\t\t\t\t\t\t\t\t\t\t\t\t\t\t<p>En <strong>Juamar Lavado y Grease <\/strong>estamos sempre dispo\u00f1ibles para responder \u00e1s t\u00faas preguntas, programar unha cita ou proporcionarche m\u00e1is informaci\u00f3n sobre os nosos servizos. Non dubides en contactar connosco a trav\u00e9s de calquera dos seguintes medios. <\/p>\t\t\n\t\t\t\t\t\t\t\t\t\t\t\t\t<\/div>\n\t\t\t\t\t\t\t<!-- inner title -->\n\t\t\t\t\t\t\t\t\t\t\t\t\t\n\t\t\t\t\t<\/div>\t\t\t\t\n\t\t\t\t\t\t\t\t<\/div>\n\t\t\t\t<\/div>\n\t\t\t\t<div class=\"elementor-element elementor-element-3cfbed3 elementor-icon-list--layout-traditional elementor-list-item-link-full_width elementor-widget elementor-widget-icon-list\" data-id=\"3cfbed3\" data-element_type=\"widget\" data-widget_type=\"icon-list.default\">\n\t\t\t\t<div class=\"elementor-widget-container\">\n\t\t\t\t\t\t\t<ul class=\"elementor-icon-list-items\">\n\t\t\t\t\t\t\t<li class=\"elementor-icon-list-item\">\n\t\t\t\t\t\t\t\t\t\t\t<span class=\"elementor-icon-list-icon\">\n\t\t\t\t\t\t\t<svg aria-hidden=\"true\" class=\"e-font-icon-svg e-fas-directions\" viewBox=\"0 0 512 512\" xmlns=\"http:\/\/www.w3.org\/2000\/svg\"><path d=\"M502.61 233.32L278.68 9.39c-12.52-12.52-32.83-12.52-45.36 0L9.39 233.32c-12.52 12.53-12.52 32.83 0 45.36l223.93 223.93c12.52 12.53 32.83 12.53 45.36 0l223.93-223.93c12.52-12.53 12.52-32.83 0-45.36zm-100.98 12.56l-84.21 77.73c-5.12 4.73-13.43 1.1-13.43-5.88V264h-96v64c0 4.42-3.58 8-8 8h-32c-4.42 0-8-3.58-8-8v-80c0-17.67 14.33-32 32-32h112v-53.73c0-6.97 8.3-10.61 13.43-5.88l84.21 77.73c3.43 3.17 3.43 8.59 0 11.76z\"><\/path><\/svg>\t\t\t\t\t\t<\/span>\n\t\t\t\t\t\t\t\t\t\t<span class=\"elementor-icon-list-text\">R\u00faa Mat\u00edas L\u00f3pez, 95, Baixo, 27600 Sarria, Lugo<\/span>\n\t\t\t\t\t\t\t\t\t<\/li>\n\t\t\t\t\t\t\t\t<li class=\"elementor-icon-list-item\">\n\t\t\t\t\t\t\t\t\t\t\t<a href=\"mailto:info@lavadocochesjuamar.com\">\n\n\t\t\t\t\t\t\t\t\t\t\t\t<span class=\"elementor-icon-list-icon\">\n\t\t\t\t\t\t\t<i aria-hidden=\"true\" class=\"flaticon flaticon-mail-1\"><\/i>\t\t\t\t\t\t<\/span>\n\t\t\t\t\t\t\t\t\t\t<span class=\"elementor-icon-list-text\">info@lavadocochesjuamar.com<\/span>\n\t\t\t\t\t\t\t\t\t\t\t<\/a>\n\t\t\t\t\t\t\t\t\t<\/li>\n\t\t\t\t\t\t\t\t<li class=\"elementor-icon-list-item\">\n\t\t\t\t\t\t\t\t\t\t\t<a href=\"tel:+34619747167\">\n\n\t\t\t\t\t\t\t\t\t\t\t\t<span class=\"elementor-icon-list-icon\">\n\t\t\t\t\t\t\t<i aria-hidden=\"true\" class=\"icofont icofont-iphone\"><\/i>\t\t\t\t\t\t<\/span>\n\t\t\t\t\t\t\t\t\t\t<span class=\"elementor-icon-list-text\">619 747 167<\/span>\n\t\t\t\t\t\t\t\t\t\t\t<\/a>\n\t\t\t\t\t\t\t\t\t<\/li>\n\t\t\t\t\t\t<\/ul>\n\t\t\t\t\t\t<\/div>\n\t\t\t\t<\/div>\n\t\t\t\t<\/div>\n\t\t<div class=\"elementor-element elementor-element-3f47819 e-con-full e-flex e-con e-child\" data-id=\"3f47819\" data-element_type=\"container\">\n\t\t\t\t<div class=\"elementor-element elementor-element-77e6d68 elementor-widget elementor-widget-wpforms\" data-id=\"77e6d68\" data-element_type=\"widget\" data-widget_type=\"wpforms.default\">\n\t\t\t\t<div class=\"elementor-widget-container\">\n\t\t\t\t\t<div class=\"wpforms-container wpforms-container-full wpforms-render-modern\" id=\"wpforms-15668\"><form id=\"wpforms-form-15668\" class=\"wpforms-validate wpforms-form wpforms-ajax-form\" data-formid=\"15668\" method=\"post\" enctype=\"multipart\/form-data\" action=\"\/gl\/wp-json\/wp\/v2\/pages\/15762\" data-token=\"c191a34fcf0329f5a063b050469d8a20\" data-token-time=\"1777449127\"><noscript class=\"wpforms-error-noscript\">Por favor, activa JavaScript no teu navegador para completar este formulario.<\/noscript><div id=\"wpforms-error-noscript\" style=\"display: none;\">Por favor, activa JavaScript no teu navegador para completar este formulario.<\/div><div class=\"wpforms-field-container\"><div id=\"wpforms-15668-field_0-container\" class=\"wpforms-field wpforms-field-name\" data-field-id=\"0\"><label class=\"wpforms-field-label\" for=\"wpforms-15668-field_0\">Nome <span class=\"wpforms-required-label\" aria-hidden=\"true\">*<\/span><\/label><input type=\"text\" id=\"wpforms-15668-field_0\" class=\"wpforms-field-medium wpforms-field-required\" name=\"wpforms[fields][0]\" aria-errormessage=\"wpforms-15668-field_0-error\" required><\/div><div id=\"wpforms-15668-field_1-container\" class=\"wpforms-field wpforms-field-email\" data-field-id=\"1\"><label class=\"wpforms-field-label\" for=\"wpforms-15668-field_1\">Correo electr\u00f3nico <span class=\"wpforms-required-label\" aria-hidden=\"true\">*<\/span><\/label><input type=\"email\" id=\"wpforms-15668-field_1\" class=\"wpforms-field-medium wpforms-field-required\" name=\"wpforms[fields][1]\" spellcheck=\"false\" aria-errormessage=\"wpforms-15668-field_1-error\" required><\/div><div id=\"wpforms-15668-field_2-container\" class=\"wpforms-field wpforms-field-textarea\" data-field-id=\"2\"><label class=\"wpforms-field-label\" for=\"wpforms-15668-field_2\">Comentario ou mensaxe<\/label><textarea id=\"wpforms-15668-field_2\" class=\"wpforms-field-medium\" name=\"wpforms[fields][2]\" aria-errormessage=\"wpforms-15668-field_2-error\" ><\/textarea><\/div><div id=\"wpforms-15668-field_3-container\" class=\"wpforms-field wpforms-field-checkbox\" data-field-id=\"3\"><fieldset><legend class=\"wpforms-field-label wpforms-label-hide\" aria-hidden=\"false\">privacidade <span class=\"wpforms-required-label\" aria-hidden=\"true\">*<\/span><\/legend><ul id=\"wpforms-15668-field_3\" class=\"wpforms-field-required\"><li class=\"choice-1 depth-1\"><input type=\"checkbox\" id=\"wpforms-15668-field_3_1\" name=\"wpforms[fields][3][]\" value=\"Lin e acepto a &lt;a href=&quot;https:\/\/lavadocochesjuamar.com\/gl\/politica-de-privacidade\/&quot; rel=&quot;nofollow&quot;&gt;pol\u00edtica de privacidade&lt;\/a&gt; .\" aria-errormessage=\"wpforms-15668-field_3_1-error\" required ><label class=\"wpforms-field-label-inline\" for=\"wpforms-15668-field_3_1\">Lin e acepto a <a href=\"https:\/\/lavadocochesjuamar.com\/gl\/politica-de-privacidade\/\" rel=\"nofollow\">pol\u00edtica de privacidade<\/a> .<\/label><\/li><\/ul><\/fieldset><\/div><\/div><!-- .wpforms-field-container --><div class=\"wpforms-recaptcha-container wpforms-is-recaptcha wpforms-is-recaptcha-type-v3\" ><input type=\"hidden\" name=\"wpforms[recaptcha]\" value=\"\"><\/div><div class=\"wpforms-submit-container\" ><input type=\"hidden\" name=\"wpforms[id]\" value=\"15668\"><input type=\"hidden\" name=\"page_title\" value=\"\"><input type=\"hidden\" name=\"page_url\" value=\"https:\/\/lavadocochesjuamar.com\/gl\/wp-json\/wp\/v2\/pages\/15762\"><input type=\"hidden\" name=\"url_referer\" value=\"\"><button type=\"submit\" name=\"wpforms[submit]\" id=\"wpforms-submit-15668\" class=\"wpforms-submit\" data-alt-text=\"Enviando...\" data-submit-text=\"Enviar\" aria-live=\"assertive\" value=\"wpforms-submit\">Enviar<\/button><img decoding=\"async\" src=\"https:\/\/lavadocochesjuamar.com\/wp-content\/plugins\/wpforms-lite\/assets\/images\/submit-spin.svg\" class=\"wpforms-submit-spinner\" style=\"display: none;\" width=\"26\" height=\"26\" alt=\"Cargando\"><\/div><\/form><\/div>  <!-- .wpforms-container -->\t\t\t\t<\/div>\n\t\t\t\t<\/div>\n\t\t\t\t<\/div>\n\t\t\t\t\t<\/div>\n\t\t\t\t<\/div>\n\t\t\t\t<section class=\"elementor-section elementor-top-section elementor-element elementor-element-8f29469 elementor-section-full_width elementor-section-height-default elementor-section-height-default\" data-id=\"8f29469\" data-element_type=\"section\">\n\t\t\t\t\t\t<div class=\"elementor-container elementor-column-gap-no\">\n\t\t\t\t\t<div class=\"elementor-column elementor-col-100 elementor-top-column elementor-element elementor-element-43aab33\" data-id=\"43aab33\" data-element_type=\"column\">\n\t\t\t<div class=\"elementor-widget-wrap elementor-element-populated\">\n\t\t\t\t\t\t<div class=\"elementor-element elementor-element-03e83dc elementor-widget elementor-widget-html\" data-id=\"03e83dc\" data-element_type=\"widget\" data-widget_type=\"html.default\">\n\t\t\t\t<div class=\"elementor-widget-container\">\n\t\t\t\t\t<iframe src=\"https:\/\/www.google.com\/maps\/embed?pb=!1m18!1m12!1m3!1d2928.271498846606!2d-7.417634923313553!3d42.782609971156845!2m3!1f0!2f0!3f0!3m2!1i1024!2i768!4f13.1!3m3!1m2!1s0xd3049d991146731%3A0x45a160f8b76fef35!2sLavado%20y%20engrase%20Juamar!5e0!3m2!1ses!2ses!4v1719392500515!5m2!1ses!2ses\" width=\"600\" height=\"450\" style=\"border:0;\" allowfullscreen=\"\" loading=\"lazy\" referrerpolicy=\"no-referrer-when-downgrade\"><\/iframe>\t\t\t\t<\/div>\n\t\t\t\t<\/div>\n\t\t\t\t\t<\/div>\n\t\t<\/div>\n\t\t\t\t\t<\/div>\n\t\t<\/section>\n\t\t<div class=\"elementor-element elementor-element-c4f778b e-con-full e-flex e-con e-parent\" data-id=\"c4f778b\" data-element_type=\"container\">\n\t\t<div class=\"elementor-element elementor-element-153255f e-con-full e-flex e-con e-child\" data-id=\"153255f\" data-element_type=\"container\">\n\t\t\t\t<div class=\"elementor-element elementor-element-ef4ee27 elementor-widget elementor-widget-image\" data-id=\"ef4ee27\" data-element_type=\"widget\" data-widget_type=\"image.default\">\n\t\t\t\t<div class=\"elementor-widget-container\">\n\t\t\t\t\t\t\t\t\t\t\t\t\t\t\t<img decoding=\"async\" width=\"500\" height=\"90\" src=\"https:\/\/lavadocochesjuamar.com\/wp-content\/uploads\/2024\/06\/kitdigitalnofondo1-e1719382143188.png\" class=\"attachment-large size-large wp-image-15729\" alt=\"\" srcset=\"https:\/\/lavadocochesjuamar.com\/wp-content\/uploads\/2024\/06\/kitdigitalnofondo1-e1719382143188.png 500w, https:\/\/lavadocochesjuamar.com\/wp-content\/uploads\/2024\/06\/kitdigitalnofondo1-e1719382143188-300x54.png 300w\" sizes=\"(max-width: 500px) 100vw, 500px\" \/>\t\t\t\t\t\t\t\t\t\t\t\t\t\t\t<\/div>\n\t\t\t\t<\/div>\n\t\t\t\t<\/div>\n\t\t<div class=\"elementor-element elementor-element-a88999c e-con-full e-flex e-con e-child\" data-id=\"a88999c\" data-element_type=\"container\">\n\t\t\t\t<div class=\"elementor-element elementor-element-ab893ca elementor-widget elementor-widget-image\" data-id=\"ab893ca\" data-element_type=\"widget\" data-widget_type=\"image.default\">\n\t\t\t\t<div class=\"elementor-widget-container\">\n\t\t\t\t\t\t\t\t\t\t\t\t\t\t\t<img decoding=\"async\" width=\"500\" height=\"75\" src=\"https:\/\/lavadocochesjuamar.com\/wp-content\/uploads\/2024\/06\/kitdigitalnofondo3-e1719382127336.png\" class=\"attachment-large size-large wp-image-15727\" alt=\"\" srcset=\"https:\/\/lavadocochesjuamar.com\/wp-content\/uploads\/2024\/06\/kitdigitalnofondo3-e1719382127336.png 500w, https:\/\/lavadocochesjuamar.com\/wp-content\/uploads\/2024\/06\/kitdigitalnofondo3-e1719382127336-300x45.png 300w\" sizes=\"(max-width: 500px) 100vw, 500px\" \/>\t\t\t\t\t\t\t\t\t\t\t\t\t\t\t<\/div>\n\t\t\t\t<\/div>\n\t\t\t\t<\/div>\n\t\t<div class=\"elementor-element elementor-element-6526d37 e-con-full e-flex e-con e-child\" data-id=\"6526d37\" data-element_type=\"container\">\n\t\t\t\t<div class=\"elementor-element elementor-element-aeb7fb7 elementor-widget elementor-widget-image\" data-id=\"aeb7fb7\" data-element_type=\"widget\" data-widget_type=\"image.default\">\n\t\t\t\t<div class=\"elementor-widget-container\">\n\t\t\t\t\t\t\t\t\t\t\t\t\t\t\t<img loading=\"lazy\" decoding=\"async\" width=\"500\" height=\"90\" src=\"https:\/\/lavadocochesjuamar.com\/wp-content\/uploads\/2024\/06\/kitdigitalnofondo2-e1719382111221.png\" class=\"attachment-large size-large wp-image-15728\" alt=\"\" srcset=\"https:\/\/lavadocochesjuamar.com\/wp-content\/uploads\/2024\/06\/kitdigitalnofondo2-e1719382111221.png 500w, https:\/\/lavadocochesjuamar.com\/wp-content\/uploads\/2024\/06\/kitdigitalnofondo2-e1719382111221-300x54.png 300w\" sizes=\"(max-width: 500px) 100vw, 500px\" \/>\t\t\t\t\t\t\t\t\t\t\t\t\t\t\t<\/div>\n\t\t\t\t<\/div>\n\t\t\t\t<\/div>\n\t\t\t\t<\/div>\n\t\t\t\t<\/div>\n\t\t","protected":false},"excerpt":{"rendered":"<p>Ponte en contacto Estamos aqu\u00ed para escoitarte En Juamar Lavado y Grease estamos sempre dispo\u00f1ibles para responder \u00e1s t\u00faas preguntas, programar unha cita ou proporcionarche m\u00e1is informaci\u00f3n sobre os nosos servizos. Non dubides en contactar connosco a trav\u00e9s de calquera dos seguintes medios. R\u00faa Mat\u00edas L\u00f3pez, 95, Baixo, 27600 Sarria, Lugo info@lavadocochesjuamar.com 619 747 167 [&hellip;]<\/p>\n","protected":false},"author":1,"featured_media":0,"parent":0,"menu_order":0,"comment_status":"closed","ping_status":"closed","template":"template-home.php","meta":{"footnotes":""},"class_list":["post-15762","page","type-page","status-publish","hentry"],"_links":{"self":[{"href":"https:\/\/lavadocochesjuamar.com\/gl\/wp-json\/wp\/v2\/pages\/15762","targetHints":{"allow":["GET"]}}],"collection":[{"href":"https:\/\/lavadocochesjuamar.com\/gl\/wp-json\/wp\/v2\/pages"}],"about":[{"href":"https:\/\/lavadocochesjuamar.com\/gl\/wp-json\/wp\/v2\/types\/page"}],"author":[{"embeddable":true,"href":"https:\/\/lavadocochesjuamar.com\/gl\/wp-json\/wp\/v2\/users\/1"}],"replies":[{"embeddable":true,"href":"https:\/\/lavadocochesjuamar.com\/gl\/wp-json\/wp\/v2\/comments?post=15762"}],"version-history":[{"count":4,"href":"https:\/\/lavadocochesjuamar.com\/gl\/wp-json\/wp\/v2\/pages\/15762\/revisions"}],"predecessor-version":[{"id":15777,"href":"https:\/\/lavadocochesjuamar.com\/gl\/wp-json\/wp\/v2\/pages\/15762\/revisions\/15777"}],"wp:attachment":[{"href":"https:\/\/lavadocochesjuamar.com\/gl\/wp-json\/wp\/v2\/media?parent=15762"}],"curies":[{"name":"wp","href":"https:\/\/api.w.org\/{rel}","templated":true}]}}